{"id":2656,"date":"2026-02-28T12:54:04","date_gmt":"2026-02-28T10:54:04","guid":{"rendered":"https:\/\/yliharmannuorisoseura.fi\/wordpress_4\/?page_id=2656"},"modified":"2026-03-12T08:03:45","modified_gmt":"2026-03-12T06:03:45","slug":"harantappoase","status":"publish","type":"page","link":"https:\/\/yliharmannuorisoseura.fi\/wordpress_4\/harantappoase\/","title":{"rendered":"H\u00e4r\u00e4ntappoase"},"content":{"rendered":"<div style=\"text-align: center;\">\n<p>Teiniteatteri esitt\u00e4\u00e4 Ylih\u00e4rm\u00e4n nuorisoseuralle<\/p>\n<\/div>\n<div style=\"text-align: center;\">\n<p><img loading=\"lazy\" decoding=\"async\" class=\"size-full wp-image-2712 aligncenter\" src=\"https:\/\/yliharmannuorisoseura.fi\/wordpress_4\/wp-content\/uploads\/2026\/03\/FB-tapahtuman-kansikuva.png\" alt=\"\" width=\"576\" height=\"432\" srcset=\"https:\/\/yliharmannuorisoseura.fi\/wordpress_4\/wp-content\/uploads\/2026\/03\/FB-tapahtuman-kansikuva.png 576w, https:\/\/yliharmannuorisoseura.fi\/wordpress_4\/wp-content\/uploads\/2026\/03\/FB-tapahtuman-kansikuva-300x225.png 300w\" sizes=\"auto, (max-width: 576px) 100vw, 576px\" \/><\/p>\n<\/div>\n<div>\n<p>Teiniteatteri\u00a0on J\u00e4rvilakeuden kansalaisopiston teatteritaiteen perusopetuksen ryhm\u00e4, jonka j\u00e4senet ovat 12-18-vuotiaita. Nuoret tuottavat n\u00e4ytelm\u00e4n itse ja hoitavat n\u00e4yttelemisen lis\u00e4ksi mm. lavastuksen, puvustuksen, markkinoinnin ja n\u00e4ytt\u00e4m\u00f6tekniikan. Tervetuloa nauttimaan raikkaasta ja nuorten n\u00e4k\u00f6isest\u00e4 teatterista!<\/p>\n<\/div>\n<div style=\"text-align: center;\">Esitysajat:<\/div>\n<div style=\"text-align: center;\">ti 5.5. klo 18<\/div>\n<div style=\"text-align: center;\">pe 8.5. klo 18<\/div>\n<div style=\"text-align: center;\">la 9.5. klo 15 ja 18<br \/>\nti 12.5. klo 18<\/div>\n<div style=\"text-align: center;\">\n<p>Liput 10 \u20ac, josta 3 \u20ac lahjoitetaan Mieli ry:lle.<\/p>\n<\/div>\n<div style=\"text-align: center;\">\n<p>Liput myynniss\u00e4 <a href=\"https:\/\/puoti.nuorisoseurat.fi\/fi\/search?q=h%C3%A4r%C3%A4ntappoase\" target=\"_blank\" rel=\"noopener\">Puoti-lippukaupassa<\/a>.<\/p>\n<\/div>\n<div style=\"text-align: center;\">Ryhm\u00e4varaukset:\u00a0<a title=\"mailto:teatteri.yliharmanns@gmail.com\" href=\"mailto:teatteri@yliharmannuorisoseura.fi\">teatteri@yliharmannuorisoseura.fi<\/a><\/div>\n<div>Ohjaus Linda Huhtaluhta<\/div>\n<div>K\u00e4sikirjoitus Anna-Leena H\u00e4rk\u00f6nen<\/div>\n<div>Sovitus Pinja Packal\u00e9n ja Juuso Nyk\u00e4nen<\/div>\n<div>N\u00e4ytelm\u00e4n esitysoikeuksia valvoo\u00a0Suomen N\u00e4ytelm\u00e4kirjailijat ja K\u00e4sikirjoittajat ry<\/div>\n<p>&nbsp;<\/p>\n","protected":false},"excerpt":{"rendered":"<p>Teiniteatteri esitt\u00e4\u00e4 Ylih\u00e4rm\u00e4n nuorisoseuralle Teiniteatteri\u00a0on J\u00e4rvilakeuden kansalaisopiston teatteritaiteen perusopetuksen ryhm\u00e4, jonka j\u00e4senet ovat 12-18-vuotiaita. Nuoret tuottavat n\u00e4ytelm\u00e4n itse ja hoitavat n\u00e4yttelemisen lis\u00e4ksi mm. lavastuksen, puvustuksen, markkinoinnin ja n\u00e4ytt\u00e4m\u00f6tekniikan. Tervetuloa nauttimaan raikkaasta ja nuorten n\u00e4k\u00f6isest\u00e4 teatterista! Esitysajat: ti 5.5. klo 18 pe 8.5. klo 18 la 9.5. klo 15 ja 18 ti 12.5. klo 18 Liput&#160;[&#8230;] <\/p>\n<p><a href=\"https:\/\/yliharmannuorisoseura.fi\/wordpress_4\/harantappoase\/\" title=\"\" class=\"more-link\">Continue&#160;reading&#160;&#8230;<\/a><\/p>\n","protected":false},"author":6,"featured_media":0,"parent":0,"menu_order":0,"comment_status":"closed","ping_status":"closed","template":"","meta":{"footnotes":""},"class_list":["post-2656","page","type-page","status-publish","hentry"],"_links":{"self":[{"href":"https:\/\/yliharmannuorisoseura.fi\/wordpress_4\/wp-json\/wp\/v2\/pages\/2656","targetHints":{"allow":["GET"]}}],"collection":[{"href":"https:\/\/yliharmannuorisoseura.fi\/wordpress_4\/wp-json\/wp\/v2\/pages"}],"about":[{"href":"https:\/\/yliharmannuorisoseura.fi\/wordpress_4\/wp-json\/wp\/v2\/types\/page"}],"author":[{"embeddable":true,"href":"https:\/\/yliharmannuorisoseura.fi\/wordpress_4\/wp-json\/wp\/v2\/users\/6"}],"replies":[{"embeddable":true,"href":"https:\/\/yliharmannuorisoseura.fi\/wordpress_4\/wp-json\/wp\/v2\/comments?post=2656"}],"version-history":[{"count":22,"href":"https:\/\/yliharmannuorisoseura.fi\/wordpress_4\/wp-json\/wp\/v2\/pages\/2656\/revisions"}],"predecessor-version":[{"id":2714,"href":"https:\/\/yliharmannuorisoseura.fi\/wordpress_4\/wp-json\/wp\/v2\/pages\/2656\/revisions\/2714"}],"wp:attachment":[{"href":"https:\/\/yliharmannuorisoseura.fi\/wordpress_4\/wp-json\/wp\/v2\/media?parent=2656"}],"curies":[{"name":"wp","href":"https:\/\/api.w.org\/{rel}","templated":true}]}}