{"id":2621,"date":"2025-06-30T14:53:08","date_gmt":"2025-06-30T11:53:08","guid":{"rendered":"https:\/\/yliharmannuorisoseura.fi\/wordpress_4\/?page_id=2621"},"modified":"2025-06-30T15:09:13","modified_gmt":"2025-06-30T12:09:13","slug":"hankkeet","status":"publish","type":"page","link":"https:\/\/yliharmannuorisoseura.fi\/wordpress_4\/hankkeet\/","title":{"rendered":"Hankkeet"},"content":{"rendered":"<p><strong>Seurantalo entist\u00e4 ehommaksi sis\u00e4lt\u00e4 ja ulkoa<\/strong><\/p>\n<p>Seurantalo entist\u00e4 ehommaksi sis\u00e4lt\u00e4 ja ulkoa -hanke parantaa Ylih\u00e4rm\u00e4n nuorisoseurantalon peruskuntoa. Hankkeessa seurantalon ulkolaudoitus uusitaan ja ulkoseinien rungot korjataan. N\u00e4ytt\u00e4m\u00f6 kunnostetaan turvallisemmaksi ja esteett\u00f6m\u00e4mm\u00e4ksi. Hanke p\u00e4\u00e4ttyy 31.12.2026.<\/p>\n<p>Hanke on saanut Aisapari ry:n my\u00f6nt\u00e4m\u00e4\u00e4 EU:n maaseuturahoitusta.<\/p>\n<p><strong>Menneet hankkeet:<\/strong><\/p>\n<p><strong>Seurantalon kattoremontti<\/strong><br \/>\nHanketoimenpitein\u00e4 katon korjaus ulko- ja sis\u00e4kattojen remontti vuonna 2020.<br \/>\nHanke sai Aisapari ry:n my\u00f6nt\u00e4m\u00e4\u00e4 EU:n maaseuturahoitusta.<\/p>\n<p><strong>Seurantalon kuntokartoitus<\/strong><br \/>\nHanketoimenpitein\u00e4 seurantalon kuntokartoitus ja siihen liittyv\u00e4t tutkimukset sek\u00e4 kiirreellisten koujaustoimenpiteiden rakennussuunnitelmien laatiminen vuonna 2019.<br \/>\nHanke sai Suomen Kotiseutuliiton seurantalojen korjausavustusta.<\/p>\n","protected":false},"excerpt":{"rendered":"<p>Seurantalo entist\u00e4 ehommaksi sis\u00e4lt\u00e4 ja ulkoa Seurantalo entist\u00e4 ehommaksi sis\u00e4lt\u00e4 ja ulkoa -hanke parantaa Ylih\u00e4rm\u00e4n nuorisoseurantalon peruskuntoa. Hankkeessa seurantalon ulkolaudoitus uusitaan ja ulkoseinien rungot korjataan. N\u00e4ytt\u00e4m\u00f6 kunnostetaan turvallisemmaksi ja esteett\u00f6m\u00e4mm\u00e4ksi. Hanke p\u00e4\u00e4ttyy 31.12.2026. Hanke on saanut Aisapari ry:n my\u00f6nt\u00e4m\u00e4\u00e4 EU:n maaseuturahoitusta. Menneet hankkeet: Seurantalon kattoremontti Hanketoimenpitein\u00e4 katon korjaus ulko- ja sis\u00e4kattojen remontti vuonna 2020. Hanke&#160;[&#8230;] <\/p>\n<p><a href=\"https:\/\/yliharmannuorisoseura.fi\/wordpress_4\/hankkeet\/\" title=\"\" class=\"more-link\">Continue&#160;reading&#160;&#8230;<\/a><\/p>\n","protected":false},"author":6,"featured_media":0,"parent":0,"menu_order":0,"comment_status":"closed","ping_status":"closed","template":"","meta":{"footnotes":""},"class_list":["post-2621","page","type-page","status-publish","hentry"],"_links":{"self":[{"href":"https:\/\/yliharmannuorisoseura.fi\/wordpress_4\/wp-json\/wp\/v2\/pages\/2621","targetHints":{"allow":["GET"]}}],"collection":[{"href":"https:\/\/yliharmannuorisoseura.fi\/wordpress_4\/wp-json\/wp\/v2\/pages"}],"about":[{"href":"https:\/\/yliharmannuorisoseura.fi\/wordpress_4\/wp-json\/wp\/v2\/types\/page"}],"author":[{"embeddable":true,"href":"https:\/\/yliharmannuorisoseura.fi\/wordpress_4\/wp-json\/wp\/v2\/users\/6"}],"replies":[{"embeddable":true,"href":"https:\/\/yliharmannuorisoseura.fi\/wordpress_4\/wp-json\/wp\/v2\/comments?post=2621"}],"version-history":[{"count":6,"href":"https:\/\/yliharmannuorisoseura.fi\/wordpress_4\/wp-json\/wp\/v2\/pages\/2621\/revisions"}],"predecessor-version":[{"id":2636,"href":"https:\/\/yliharmannuorisoseura.fi\/wordpress_4\/wp-json\/wp\/v2\/pages\/2621\/revisions\/2636"}],"wp:attachment":[{"href":"https:\/\/yliharmannuorisoseura.fi\/wordpress_4\/wp-json\/wp\/v2\/media?parent=2621"}],"curies":[{"name":"wp","href":"https:\/\/api.w.org\/{rel}","templated":true}]}}