{"id":2155,"date":"2020-11-04T00:08:24","date_gmt":"2020-11-03T22:08:24","guid":{"rendered":"http:\/\/yliharmannuorisoseura.fi\/wordpress_4\/?page_id=2155"},"modified":"2026-03-01T15:15:07","modified_gmt":"2026-03-01T13:15:07","slug":"vuokraustoiminta","status":"publish","type":"page","link":"https:\/\/yliharmannuorisoseura.fi\/wordpress_4\/vuokraustoiminta\/","title":{"rendered":"Vuokraustoiminta"},"content":{"rendered":"<p>Nuorisoseurantaloa vuokrataan ymp\u00e4ri vuoden erilaisten juhlien, kurssien jne. pitopaikaksi.<\/p>\n<p>Tilavuokra (viikonloppu) 250,00 \u20ac \/ viikonloppu (pe-su)<br \/>\nTilavuokran lis\u00e4vuorokausi 50,00 \u20ac<br \/>\nYksitt\u00e4isen p\u00e4iv\u00e4n vuokra 120,00 \u20ac<br \/>\nN\u00e4ytelm\u00e4vaatteiden vuokraus 5\u201325 \u20ac \/ puku<br \/>\nKorvaushinta rikkoutuneesta puvusta 5\u201325 \u20ac \/ puku<br \/>\nP\u00f6yt\u00e4 ja istuimet 5 \u20ac \/ p\u00f6yt\u00e4<br \/>\nVideotykki (tilavuokran yhteydess\u00e4) 20 \u20ac<\/p>\n<p>Nuorisoseuran johtokunnalla on valtuudet tarvittaessa m\u00e4\u00e4ritell\u00e4 lis\u00e4\u00e4 vuokrahintoja tarpeen vaatiessa.<\/p>\n<p>Lis\u00e4tietoja voi tiedustella soittamalla 050 340 3357, s\u00e4hk\u00f6postilla info@yliharmannuorisoseura.fi tai ottamalla yhteytt\u00e4 sosiaalisen median kautta (facebook, whatsapp tai instagram).<\/p>\n<p>&nbsp;<\/p>\n<p>&nbsp;<\/p>\n","protected":false},"excerpt":{"rendered":"<p>Nuorisoseurantaloa vuokrataan ymp\u00e4ri vuoden erilaisten juhlien, kurssien jne. pitopaikaksi. Tilavuokra (viikonloppu) 250,00 \u20ac \/ viikonloppu (pe-su) Tilavuokran lis\u00e4vuorokausi 50,00 \u20ac Yksitt\u00e4isen p\u00e4iv\u00e4n vuokra 120,00 \u20ac N\u00e4ytelm\u00e4vaatteiden vuokraus 5\u201325 \u20ac \/ puku Korvaushinta rikkoutuneesta puvusta 5\u201325 \u20ac \/ puku P\u00f6yt\u00e4 ja istuimet 5 \u20ac \/ p\u00f6yt\u00e4 Videotykki (tilavuokran yhteydess\u00e4) 20 \u20ac Nuorisoseuran johtokunnalla on valtuudet tarvittaessa&#160;[&#8230;] <\/p>\n<p><a href=\"https:\/\/yliharmannuorisoseura.fi\/wordpress_4\/vuokraustoiminta\/\" title=\"\" class=\"more-link\">Continue&#160;reading&#160;&#8230;<\/a><\/p>\n","protected":false},"author":3,"featured_media":0,"parent":0,"menu_order":0,"comment_status":"closed","ping_status":"closed","template":"","meta":{"footnotes":""},"class_list":["post-2155","page","type-page","status-publish","hentry"],"_links":{"self":[{"href":"https:\/\/yliharmannuorisoseura.fi\/wordpress_4\/wp-json\/wp\/v2\/pages\/2155","targetHints":{"allow":["GET"]}}],"collection":[{"href":"https:\/\/yliharmannuorisoseura.fi\/wordpress_4\/wp-json\/wp\/v2\/pages"}],"about":[{"href":"https:\/\/yliharmannuorisoseura.fi\/wordpress_4\/wp-json\/wp\/v2\/types\/page"}],"author":[{"embeddable":true,"href":"https:\/\/yliharmannuorisoseura.fi\/wordpress_4\/wp-json\/wp\/v2\/users\/3"}],"replies":[{"embeddable":true,"href":"https:\/\/yliharmannuorisoseura.fi\/wordpress_4\/wp-json\/wp\/v2\/comments?post=2155"}],"version-history":[{"count":10,"href":"https:\/\/yliharmannuorisoseura.fi\/wordpress_4\/wp-json\/wp\/v2\/pages\/2155\/revisions"}],"predecessor-version":[{"id":2698,"href":"https:\/\/yliharmannuorisoseura.fi\/wordpress_4\/wp-json\/wp\/v2\/pages\/2155\/revisions\/2698"}],"wp:attachment":[{"href":"https:\/\/yliharmannuorisoseura.fi\/wordpress_4\/wp-json\/wp\/v2\/media?parent=2155"}],"curies":[{"name":"wp","href":"https:\/\/api.w.org\/{rel}","templated":true}]}}