{"id":1554,"date":"2022-03-01T16:00:04","date_gmt":"2022-03-01T14:00:04","guid":{"rendered":"http:\/\/yliharmannuorisoseura.fi\/wordpress_4\/?page_id=1554"},"modified":"2026-03-01T15:16:39","modified_gmt":"2026-03-01T13:16:39","slug":"teatteri","status":"publish","type":"page","link":"https:\/\/yliharmannuorisoseura.fi\/wordpress_4\/teatteri\/","title":{"rendered":"Teatteri"},"content":{"rendered":"<p>Ylih\u00e4rm\u00e4n nuorisoseuran n\u00e4ytelm\u00e4toiminta on ylisukupolvista, osallistavaa ja yhteis\u00f6llist\u00e4. Valtaosa toiminnassamme mukana olevista on lapsia ja nuoria.<\/p>\n<p>N\u00e4ytelmiss\u00e4 voi olla mukana monella eri tavalla: n\u00e4yttelij\u00e4n\u00e4, tanssijana, muusikkona, puvustuksessa, lavastuksessa, rekvisiitassa, tekniikassa, tuotannossa, kahvituksessa, lipunmyynniss\u00e4&#8230; Kes\u00e4isin esit\u00e4mme koko perheen n\u00e4ytelmi\u00e4 ja talvisin Kamariteatterin kohderyhm\u00e4n\u00e4 ovat aikuiset.<\/p>\n<p><strong>Koko perheen teatteri<\/strong><br \/>\nKes\u00e4teatteria koko perheelle seurantalon sis\u00e4n\u00e4ytt\u00e4m\u00f6ll\u00e4! Esitykset vuosittain loppukes\u00e4st\u00e4. Ensisijaisen tavoitteena on tarjota mukana oleville lapsille ja nuorille turvallinen paikka ilmaista itse\u00e4\u00e4n ja l\u00f6yt\u00e4\u00e4 omia vahvuuksiaan teatterin kautta. N\u00e4ytelmist\u00e4 pyrit\u00e4\u00e4n aina tekem\u00e4\u00e4n my\u00f6s mahdollisimman korkeatasoinen kokonaisuus, josta eri-ik\u00e4iset katsoja l\u00f6yt\u00e4v\u00e4t merkityksi\u00e4 ja samaistumispintaa.<\/p>\n<p><strong>Kamariteatteri<\/strong><br \/>\nKamariteatterin esitykset sijoittuvat alkuvuoteen. Kamariteatteri on aikuisten teatteriryhm\u00e4, joka pyrkii aihevalinnoillaan haastamaan sek\u00e4 itsens\u00e4 ett\u00e4 katsojansa. Kamariteatterin viimeisimpi\u00e4 tuotantoja ovat perinnen\u00e4ytelm\u00e4 Puust\u00e4llin h\u00e4\u00e4t, vaihtoehtoinen sirkusspektaakkeli Cirque du Pauvre ja dekkariklassikko Hiirenloukku.<\/p>\n<p><strong>Lue lis\u00e4\u00e4 menneist\u00e4 n\u00e4ytelm\u00e4projekteista<\/strong> <a href=\"https:\/\/yliharmannuorisoseura.fi\/wordpress_4\/kuvagalleria\/\">galleriasta<\/a><\/p>\n<p>N\u00e4ytelmien harjoituskausi toteutetaan yhteisty\u00f6ss\u00e4 J\u00e4rvilakeuden kansalaisopiston ja Opintokeskus Kansalaisfoorumin kanssa. Toimintaa tukee my\u00f6s mm. Kauhavan kaupunki ja monet muut tahot.<\/p>\n<p>Etsimme joukkoomme uusia ihmisi\u00e4 ik\u00e4\u00e4n ja taitoihin katsomatta. Tervetuloa mukaan toimintaan!<\/p>\n<p><strong>Teatteritaiteen perusopetus<\/strong><br \/>\nSeuralla kokoontuvat yli 9-vuotiaille lapsille ja nuorille suunnatut Teiniteatteri ja Kersateatteri, joissa syvennyt\u00e4\u00e4n teatteri-ilmaisun eri osa-alueisiin. Ryhmiin otetaan uusia osallistujia syksyisin, jos niiss\u00e4 on tilaa. Lis\u00e4tietoja J\u00e4rvilakeuden kansalaisopistosta: <a href=\"https:\/\/uusi.opistopalvelut.fi\/jarvilakeus\/fi\/?q=tag%3A16&amp;page=1\" target=\"_blank\" rel=\"noopener\">https:\/\/uusi.opistopalvelut.fi\/jarvilakeus\/fi\/?q=tag%3A16&amp;page=1<\/a><\/p>\n<p><strong>Lis\u00e4tietoja:<\/strong><br \/>\nMaaria Koivula-talkkari puh. 040 7615644, i<span style=\"color: #3366ff;\">nfo@yliharmannuorisoseura.fi<\/span><\/p>\n<p>&nbsp;<\/p>\n","protected":false},"excerpt":{"rendered":"<p>Ylih\u00e4rm\u00e4n nuorisoseuran n\u00e4ytelm\u00e4toiminta on ylisukupolvista, osallistavaa ja yhteis\u00f6llist\u00e4. Valtaosa toiminnassamme mukana olevista on lapsia ja nuoria. N\u00e4ytelmiss\u00e4 voi olla mukana monella eri tavalla: n\u00e4yttelij\u00e4n\u00e4, tanssijana, muusikkona, puvustuksessa, lavastuksessa, rekvisiitassa, tekniikassa, tuotannossa, kahvituksessa, lipunmyynniss\u00e4&#8230; Kes\u00e4isin esit\u00e4mme koko perheen n\u00e4ytelmi\u00e4 ja talvisin Kamariteatterin kohderyhm\u00e4n\u00e4 ovat aikuiset. Koko perheen teatteri Kes\u00e4teatteria koko perheelle seurantalon sis\u00e4n\u00e4ytt\u00e4m\u00f6ll\u00e4! Esitykset vuosittain loppukes\u00e4st\u00e4.&#160;[&#8230;] <\/p>\n<p><a href=\"https:\/\/yliharmannuorisoseura.fi\/wordpress_4\/teatteri\/\" title=\"\" class=\"more-link\">Continue&#160;reading&#160;&#8230;<\/a><\/p>\n","protected":false},"author":3,"featured_media":0,"parent":0,"menu_order":0,"comment_status":"closed","ping_status":"closed","template":"","meta":{"footnotes":""},"class_list":["post-1554","page","type-page","status-publish","hentry"],"_links":{"self":[{"href":"https:\/\/yliharmannuorisoseura.fi\/wordpress_4\/wp-json\/wp\/v2\/pages\/1554","targetHints":{"allow":["GET"]}}],"collection":[{"href":"https:\/\/yliharmannuorisoseura.fi\/wordpress_4\/wp-json\/wp\/v2\/pages"}],"about":[{"href":"https:\/\/yliharmannuorisoseura.fi\/wordpress_4\/wp-json\/wp\/v2\/types\/page"}],"author":[{"embeddable":true,"href":"https:\/\/yliharmannuorisoseura.fi\/wordpress_4\/wp-json\/wp\/v2\/users\/3"}],"replies":[{"embeddable":true,"href":"https:\/\/yliharmannuorisoseura.fi\/wordpress_4\/wp-json\/wp\/v2\/comments?post=1554"}],"version-history":[{"count":21,"href":"https:\/\/yliharmannuorisoseura.fi\/wordpress_4\/wp-json\/wp\/v2\/pages\/1554\/revisions"}],"predecessor-version":[{"id":2700,"href":"https:\/\/yliharmannuorisoseura.fi\/wordpress_4\/wp-json\/wp\/v2\/pages\/1554\/revisions\/2700"}],"wp:attachment":[{"href":"https:\/\/yliharmannuorisoseura.fi\/wordpress_4\/wp-json\/wp\/v2\/media?parent=1554"}],"curies":[{"name":"wp","href":"https:\/\/api.w.org\/{rel}","templated":true}]}}